{"id":8416,"date":"2024-08-23T08:54:11","date_gmt":"2024-08-23T06:54:11","guid":{"rendered":"https:\/\/www.m4uc.at\/?post_type=product&#038;p=8416"},"modified":"2025-05-12T16:34:59","modified_gmt":"2025-05-12T14:34:59","slug":"ev-elx-118p-aktiv-subwoover","status":"publish","type":"product","link":"https:\/\/www.m4uc.at\/sl\/shop\/ev-elx-118p-aktiv-subwoover\/","title":{"rendered":"Electro Voice ELX 118P aktivni subwoover"},"content":{"rendered":"<h3>Electro Voice ELX 118P aktivni subwoover<\/h3>\n<p>Optimiziran za zmogljivost ELX112P in ELX115P, ELX118P zagotavlja globoke, izbolj\u0161ane nizke tone, ki jih lahko sli\u0161ite in ob\u010dutite.<\/p>\n<p><strong>Lastnosti<\/strong><\/p>\n<p>Mo\u010d ELX118 s samooja\u010denjem<br \/>\nEVS-18K nizkotonec za raz\u0161irjen nizkotonec<br \/>\nFrekven\u010dno obmo\u010dje 32Hz &#8211; 130Hz<br \/>\nLahek, hladno delujo\u010d 700-vatni oja\u010devalnik razreda D<br \/>\nIzbirni na\u010dini Normal\/Boost<br \/>\nXLR in TRS kombinirani vhod<br \/>\nParalelni XLR izhod<br \/>\nTehni\u010dni podatki<br \/>\nFrekven\u010dni odziv: 42Hz &#8211; 100Hz<br \/>\nFrekven\u010dni razpon: 32Hz &#8211; 130Hz<br \/>\nMaks. izmerjen SPL: 134 dB<br \/>\nObna\u0161anje sevanja: vsesmerno<br \/>\nNosilnost: 700 W<br \/>\nPretvornik: EVS-18K, 18-pal\u010dni nizkotonec<br \/>\nCrossover frekvenca: 100Hz<br \/>\nVhod: 1x XLR \/ 6,3 mm kombinirani priklju\u010dek<br \/>\nIzhod: 1x XLR<br \/>\nOhi\u0161je: 15 mm vezan les, pritrjen na notranji strani<br \/>\nRe\u0161etka: jeklo 18GA<br \/>\nMere (\u0160xGxV): 507 x 574 x 661 mm<br \/>\nTe\u017ea: 31,3 kg<\/p>\n<p>izbirna distan\u010dna palica (stativo za vrhove)<\/p>\n","protected":false},"excerpt":{"rendered":"<h3>Najem samo na zahtevo!<\/p>\n<p>E- po&scaron;ta: <a href=\"mailto:webshop@m4uc.at\">webshop@m4uc.at<\/a>[oznaka kontaktnega polja=&#8221;name&#8221; type=&#8221;name&#8221; zahtevano=&#8221;1&#8243;][oznaka kontaktnega polja=&#8221;email&#8221; type=&#8221;email&#8221; type=&#8221;1&#8243; telefonska &scaron;tevilka&#8221; type=&#8221;text&#8221; Oddaljenost bar (stand for tops)&#8221; type=&#8221;checkbox&#8221;][oznaka kontaktnega polja=&#8221;message (neobvezno)&#8221; type=&#8221;textrae&#8221;][\/contact-form]<\/p>\n<\/h3>\n","protected":false},"featured_media":6569,"comment_status":"open","ping_status":"closed","template":"","meta":{"advanced_seo_description":"","jetpack_seo_html_title":"","jetpack_seo_noindex":false,"ngg_post_thumbnail":0,"_price":"50","_stock":"0.000000","_tribe_ticket_header":"","_tribe_default_ticket_provider":"","_tribe_ticket_capacity":"2","_ticket_start_date":"","_ticket_end_date":"","_tribe_ticket_show_description":"","_tribe_ticket_show_not_going":false,"_tribe_ticket_use_global_stock":"","_tribe_ticket_global_stock_level":"","_global_stock_mode":"","_global_stock_cap":"","_tribe_rsvp_for_event":"","_tribe_ticket_going_count":"","_tribe_ticket_not_going_count":"","_tribe_tickets_list":"[]","_tribe_ticket_has_attendee_info_fields":false,"_tec_slr_enabled":"","_tec_slr_layout":""},"product_brand":[853],"product_cat":[274,270,262],"product_tag":[386,404,384,385,381],"class_list":{"0":"post-8416","1":"product","2":"type-product","3":"status-publish","4":"has-post-thumbnail","6":"product_brand-ev","7":"product_cat-buehnentechnik","8":"product_cat-lautpsrecher-pa","9":"product_cat-rental","10":"product_tag-buehnentechnik","11":"product_tag-electro_voice","12":"product_tag-lautsprecher","13":"product_tag-pa_tag","14":"product_tag-verleih","15":"product_shipping_class-verleih","16":"pa_pa-pa-sub","17":"pa_verleih-buehnentechnik","18":"pa_verleih-pa","20":"first","21":"outofstock","22":"shipping-taxable","23":"purchasable","24":"product-type-simple"},"jetpack_sharing_enabled":true,"_links":{"self":[{"href":"https:\/\/www.m4uc.at\/sl\/wp-json\/wp\/v2\/product\/8416","targetHints":{"allow":["GET"]}}],"collection":[{"href":"https:\/\/www.m4uc.at\/sl\/wp-json\/wp\/v2\/product"}],"about":[{"href":"https:\/\/www.m4uc.at\/sl\/wp-json\/wp\/v2\/types\/product"}],"replies":[{"embeddable":true,"href":"https:\/\/www.m4uc.at\/sl\/wp-json\/wp\/v2\/comments?post=8416"}],"wp:featuredmedia":[{"embeddable":true,"href":"https:\/\/www.m4uc.at\/sl\/wp-json\/wp\/v2\/media\/6569"}],"wp:attachment":[{"href":"https:\/\/www.m4uc.at\/sl\/wp-json\/wp\/v2\/media?parent=8416"}],"wp:term":[{"taxonomy":"product_brand","embeddable":true,"href":"https:\/\/www.m4uc.at\/sl\/wp-json\/wp\/v2\/product_brand?post=8416"},{"taxonomy":"product_cat","embeddable":true,"href":"https:\/\/www.m4uc.at\/sl\/wp-json\/wp\/v2\/product_cat?post=8416"},{"taxonomy":"product_tag","embeddable":true,"href":"https:\/\/www.m4uc.at\/sl\/wp-json\/wp\/v2\/product_tag?post=8416"}],"curies":[{"name":"wp","href":"https:\/\/api.w.org\/{rel}","templated":true}]}}