{"id":8439,"date":"2024-08-23T15:14:10","date_gmt":"2024-08-23T13:14:10","guid":{"rendered":"https:\/\/www.m4uc.at\/?post_type=product&#038;p=8439"},"modified":"2025-06-20T09:58:54","modified_gmt":"2025-06-20T07:58:54","slug":"technics-sl-1210mk2","status":"publish","type":"product","link":"https:\/\/www.m4uc.at\/sl\/shop\/technics-sl-1210mk2\/","title":{"rendered":"Technics SL-1210 MK2"},"content":{"rendered":"<p>\u010crni Technics SL-1210 MK2 je osnovni model verjetno najbolje prodajanega DJ gramofona na svetu in ga lahko najdete v skoraj vsakem klubu in diskoteki v \u010drni (SL-1210) ali srebrni (SL-1200). Technics MK2 je absolutni profesionalni standard in zahvaljujo\u010d solidni kakovosti prihaja brez kakr\u0161nih koli velikih zvoncev in \u017evi\u017eganj, vendar ima vse, kar si DJ ali HIFI srce po\u017eeli.<\/p>\n<p>Technics classic SL-1210 MKII je \u0161e vedno najbolje prodajan gramofon in povpra\u0161evanje po njem kot vedno. Komaj kateri drug izdelek je tako revolucioniral svet DJ-jev in je \u0161e vedno ne-plus-ultra tudi po desetletjih. Z gramofonom Technics SL-1210 MK2 lahko del\u010dek klubske in glasbene kulture prinesete domov.<\/p>\n<p>Od za\u010detka zgodovine DJ-jev so gramofoni Technics sinonim za stabilnost vrednosti, absolutno robustnost, dolgo \u017eivljenjsko dobo in najvi\u0161je standarde kakovosti. Ni brez razloga, da je Technics \u017ee 20 let absolutni vodilni na trgu.<\/p>\n<p>Lastnosti Technics SL-1210 MK2<\/p>\n<ul>\n<li>Gramofon z direktnim pogonom! Klasi\u010dni DJ \u0161pil!<\/li>\n<li>Direkten zagon<\/li>\n<li>Osvetlitev z raztegljivo iglo<\/li>\n<li>Glava Technics<\/li>\n<li>Nadzor vi\u0161ine (ALPS fader)<\/li>\n<li>Po vi\u0161ini nastavljiva ro\u010dica<\/li>\n<li>Visoka stabilnost sinhronizacije<\/li>\n<li>Zelo dobra absorpcija vibracij<\/li>\n<li>Ohi\u0161je iz tla\u010dne litine iz aluminija \/ gumijast vlo\u017eek<\/li>\n<li>Tehni\u010dni podatki<\/li>\n<li>Tip: Quartz krmiljen direktni pogon<\/li>\n<li>Hitrost: 33 1\/3 in 45 vrt\/min<\/li>\n<li>Razpon vi\u0161ine: +\/- 8%<\/li>\n<li>Start\/Stop: < 0,7 s.<\/li>\n<li>Navor: 1,5 kg\/cm<\/li>\n<li>Mere (\u0160 x G x V): 453 x 360 x 162 mm<\/li>\n<li>Te\u017ea: 11 kg<\/li>\n<li>Vrsta ro\u010dice: v obliki \u010drke S, stati\u010dno uravnote\u017eena<\/li>\n<\/ul>\n<p>1 x gramofon<\/p>\n<p>1 x etui<\/p>\n<p>1 x Sistem<\/p>\n<p>1 x Slipmat<\/p>\n","protected":false},"excerpt":{"rendered":"<p>\u010crni Technics SL-1210 MK2 je osnovni model verjetno najbolje prodajanega DJ gramofona na svetu in ga lahko najdete v skoraj vsakem klubu in diskoteki v \u010drni (SL-1210) ali srebrni (SL-1200). [&hellip;]<\/p>\n","protected":false},"featured_media":8436,"comment_status":"open","ping_status":"closed","template":"","meta":{"advanced_seo_description":"","jetpack_seo_html_title":"","jetpack_seo_noindex":false,"ngg_post_thumbnail":0,"_price":"50","_stock":"4","_tribe_ticket_header":"","_tribe_default_ticket_provider":"","_tribe_ticket_capacity":"4","_ticket_start_date":"","_ticket_end_date":"","_tribe_ticket_show_description":"","_tribe_ticket_show_not_going":false,"_tribe_ticket_use_global_stock":"","_tribe_ticket_global_stock_level":"","_global_stock_mode":"","_global_stock_cap":"","_tribe_rsvp_for_event":"","_tribe_ticket_going_count":"","_tribe_ticket_not_going_count":"","_tribe_tickets_list":"[]","_tribe_ticket_has_attendee_info_fields":false,"_tec_slr_enabled":"","_tec_slr_layout":""},"product_brand":[848],"product_cat":[272,262],"product_tag":[864,877,878,867],"class_list":{"0":"post-8439","1":"product","2":"type-product","3":"status-publish","4":"has-post-thumbnail","6":"product_brand-technics","7":"product_cat-dj-equipment","8":"product_cat-rental","9":"product_tag-dedj-equipmentendj-euqipmentsldj-oprema","10":"product_tag-deplattenspielerenturntableslpredvajalnik","11":"product_tag-detechnicsentechnicssltechnics","12":"product_tag-deverleihenrentalslnajem","13":"product_shipping_class-verleih","14":"pa_djequipment-plattenspieler","15":"pa_turntable-technics","16":"pa_verleih-dj-equipment","18":"first","19":"instock","20":"shipping-taxable","21":"purchasable","22":"product-type-simple"},"jetpack_sharing_enabled":true,"_links":{"self":[{"href":"https:\/\/www.m4uc.at\/sl\/wp-json\/wp\/v2\/product\/8439","targetHints":{"allow":["GET"]}}],"collection":[{"href":"https:\/\/www.m4uc.at\/sl\/wp-json\/wp\/v2\/product"}],"about":[{"href":"https:\/\/www.m4uc.at\/sl\/wp-json\/wp\/v2\/types\/product"}],"replies":[{"embeddable":true,"href":"https:\/\/www.m4uc.at\/sl\/wp-json\/wp\/v2\/comments?post=8439"}],"wp:featuredmedia":[{"embeddable":true,"href":"https:\/\/www.m4uc.at\/sl\/wp-json\/wp\/v2\/media\/8436"}],"wp:attachment":[{"href":"https:\/\/www.m4uc.at\/sl\/wp-json\/wp\/v2\/media?parent=8439"}],"wp:term":[{"taxonomy":"product_brand","embeddable":true,"href":"https:\/\/www.m4uc.at\/sl\/wp-json\/wp\/v2\/product_brand?post=8439"},{"taxonomy":"product_cat","embeddable":true,"href":"https:\/\/www.m4uc.at\/sl\/wp-json\/wp\/v2\/product_cat?post=8439"},{"taxonomy":"product_tag","embeddable":true,"href":"https:\/\/www.m4uc.at\/sl\/wp-json\/wp\/v2\/product_tag?post=8439"}],"curies":[{"name":"wp","href":"https:\/\/api.w.org\/{rel}","templated":true}]}}